{"id":120,"date":"2021-05-30T23:23:32","date_gmt":"2021-05-30T20:23:32","guid":{"rendered":"https:\/\/www.fd-grup.com\/yol-cizgi\/?page_id=120"},"modified":"2025-05-17T09:39:25","modified_gmt":"2025-05-17T06:39:25","slug":"yol-cizgi-kamyonu","status":"publish","type":"page","link":"https:\/\/www.fd-grup.com\/yol-cizgi\/yol-cizgi-kamyonu\/","title":{"rendered":"Airless Yol \u00c7izgi Kamyonu"},"content":{"rendered":"\n<figure class=\"wp-block-image size-large\"><img loading=\"lazy\" decoding=\"async\" width=\"1024\" height=\"609\" src=\"https:\/\/www.fd-grup.com\/yol-cizgi\/wp-content\/uploads\/sites\/4\/2022\/07\/IMG_0048R-1024x609.jpg\" alt=\"\" class=\"wp-image-287\" srcset=\"https:\/\/www.fd-grup.com\/yol-cizgi\/wp-content\/uploads\/sites\/4\/2022\/07\/IMG_0048R-1024x609.jpg 1024w, https:\/\/www.fd-grup.com\/yol-cizgi\/wp-content\/uploads\/sites\/4\/2022\/07\/IMG_0048R-300x178.jpg 300w, https:\/\/www.fd-grup.com\/yol-cizgi\/wp-content\/uploads\/sites\/4\/2022\/07\/IMG_0048R-768x457.jpg 768w, https:\/\/www.fd-grup.com\/yol-cizgi\/wp-content\/uploads\/sites\/4\/2022\/07\/IMG_0048R-1536x914.jpg 1536w, https:\/\/www.fd-grup.com\/yol-cizgi\/wp-content\/uploads\/sites\/4\/2022\/07\/IMG_0048R-2048x1218.jpg 2048w\" sizes=\"auto, (max-width: 1024px) 100vw, 1024px\" \/><\/figure>\n\n\n<figure class=\"w-100 wp-block-image size-large\" style=\"margin-bottom: 40px;width: 100%\"><\/figure>\n<div class=\"row\">\n<div class=\"col-lg-4\">\n<figure class=\"wp-block-image\"><img decoding=\"async\" class=\"wp-image-24\" src=\"https:\/\/www.fd-grup.com\/yol-cizgi\/wp-content\/uploads\/sites\/4\/2021\/05\/image.png\" alt=\"\" \/><\/figure>\n<figure class=\"wp-block-image\"><img decoding=\"async\" class=\"wp-image-29\" src=\"https:\/\/www.fd-grup.com\/yol-cizgi\/wp-content\/uploads\/sites\/4\/2021\/05\/image-1.png\" alt=\"\" \/><\/figure>\n<\/div>\n<div class=\"col-lg-8\">\n<h3><strong>AIRLESS YOL \u00c7\u0130ZG\u0130 KAMYONU<\/strong><\/h3>\n<p>FD Grup Yol \u00c7izgi Kamyonlar\u0131, Airless Pistonlar\u0131 ve kulland\u0131\u011f\u0131 y\u00fcksek becerikli ekipmanlar ve tasar\u0131m ile su bazl\u0131 ve solvent bazl\u0131 boya uygulamalar\u0131nda, Karayollar\u0131 Standartlar\u0131na uygun ve saatte 10 km\/saat h\u0131z\u0131n \u00fczerinde \u00e7izgi atabilme imkan\u0131 sunar.<\/p>\n<h4><strong><br \/>Motor<\/strong><\/h4>\n<p>T\u00fcrkiye\u2019nin her yerinde servis ve yedek par\u00e7a a\u011f\u0131 olan %100 yerli su so\u011futmal\u0131 T\u00fcmosan Marka Motorlar, ihtiya\u00e7 olunan g\u00fcc\u00fc ve verimi t\u00fcm becerileriyle sunmaktad\u0131r.<\/p>\n<h4><strong><br \/>Airless Pistonlar<\/strong><\/h4>\n<p>Hydra M 2000, Piston ba\u015f\u0131na dakikada 24 litre debi \u00fcretebilen ve 138 bar uygulama bas\u0131nc\u0131 ile \u00f6zellikle yol \u00e7izgi kamyonlar\u0131 i\u00e7in en ideal pistonlard\u0131r.<\/p>\n<p>FD Grup Makina, ikiz tank olarak adland\u0131rd\u0131\u011f\u0131, dikeyde konumland\u0131r\u0131lm\u0131\u015f bir tank sistemi kullan\u0131r. Bu tank sistem, tank i\u00e7i temizli\u011finin kolayl\u0131\u011f\u0131, daha az yer kaplamas\u0131 ve ak\u0131\u015f verimlili\u011fi a\u00e7\u0131s\u0131ndan, airless pistonlar\u0131n ihtiya\u00e7 duydu\u011fu boyay\u0131 daha rahat emmesini sa\u011flar.<\/p>\n<p>Boya tank\u0131 kar\u0131\u015ft\u0131r\u0131c\u0131lar\u0131 ve yataklamalar\u0131, boyan\u0131n homojen yap\u0131s\u0131n\u0131 korumas\u0131 i\u00e7in \u00f6zel olarak tasarlanm\u0131\u015ft\u0131r.<\/p>\n<p>Ara\u00e7 \u00fczeri m\u00fcmk\u00fcn oldu\u011funca sade ve ilgili ekipmanlara kolay ula\u015f\u0131labilir ve kolay m\u00fcdahale edilebilir olarak tasarlanm\u0131\u015ft\u0131r.<\/p>\n<h4><strong><br \/>Hidrolik G\u00fc\u00e7 Sa\u011flay\u0131c\u0131lar<\/strong><\/h4>\n<p>FD Grup Makina, \u00f6zellikle Airless pistonlar i\u00e7in Bas\u0131n\u00e7 reg\u00fclasyonlu ve pistonlu tip hidrolik pompa kullanmaktad\u0131r. Bu pompalar, \u00e7izgi atarken ihtiya\u00e7 duyulan debiyi, bas\u0131n\u00e7 d\u00fc\u015ft\u00fc\u011f\u00fc anda h\u0131zl\u0131 bir reaksiyon ile ka\u015f\u0131lar. Bekleme an\u0131nda ise sistem kendini bo\u015fa \u00e7\u0131kararak, motordan y\u00fck \u00e7ekmeden bo\u015fa \u00e7al\u0131\u015fmas\u0131n\u0131 sa\u011flar. Bu sistemin \u00e7ok daha uzun \u00f6m\u00fcrl\u00fc ve verimli olu\u015funun yan\u0131 s\u0131ra mazot t\u00fcketiminde sa\u011flad\u0131\u011f\u0131 katk\u0131, kendi yat\u0131r\u0131m bedelini fazlas\u0131yla amorti edece\u011fi anlam\u0131na gelir.<\/p>\n<div class=\"row\">\n<div class=\"col-lg-4\"><a href=\"https:\/\/www.fd-grup.com\/yol-cizgi\/wp-content\/uploads\/sites\/4\/2021\/05\/WhatsApp-Image-2020-11-15-at-17.46.42.jpeg\"><img decoding=\"async\" src=\"https:\/\/www.fd-grup.com\/yol-cizgi\/wp-content\/uploads\/sites\/4\/2021\/05\/WhatsApp-Image-2020-11-15-at-17.46.42.jpeg\" alt=\"\" \/><\/a><\/div>\n<div class=\"col-lg-4\"><a href=\"https:\/\/www.fd-grup.com\/yol-cizgi\/wp-content\/uploads\/sites\/4\/2021\/05\/WhatsApp-Image-2020-11-15-at-17.58.05.jpeg\"><img decoding=\"async\" src=\"https:\/\/www.fd-grup.com\/yol-cizgi\/wp-content\/uploads\/sites\/4\/2021\/05\/WhatsApp-Image-2020-11-15-at-17.58.05.jpeg\" alt=\"\" \/><\/a><\/div>\n<div class=\"col-lg-4\"><a href=\"https:\/\/www.fd-grup.com\/yol-cizgi\/wp-content\/uploads\/sites\/4\/2021\/05\/Yol-Cizgi-Kamyon2.jpeg\"><img decoding=\"async\" src=\"https:\/\/www.fd-grup.com\/yol-cizgi\/wp-content\/uploads\/sites\/4\/2021\/05\/Yol-Cizgi-Kamyon2.jpeg\" alt=\"\" \/><\/a><\/div>\n<\/div>\n<\/div>\n<\/div>\n<p>\u00a0<\/p>\n<p><img loading=\"lazy\" decoding=\"async\" class=\"alignnone  wp-image-289\" src=\"https:\/\/www.fd-grup.com\/yol-cizgi\/wp-content\/uploads\/sites\/4\/2022\/07\/IMG_0019r-300x198.jpg\" alt=\"\" width=\"831\" height=\"548\" srcset=\"https:\/\/www.fd-grup.com\/yol-cizgi\/wp-content\/uploads\/sites\/4\/2022\/07\/IMG_0019r-300x198.jpg 300w, https:\/\/www.fd-grup.com\/yol-cizgi\/wp-content\/uploads\/sites\/4\/2022\/07\/IMG_0019r-1024x676.jpg 1024w, https:\/\/www.fd-grup.com\/yol-cizgi\/wp-content\/uploads\/sites\/4\/2022\/07\/IMG_0019r-768x507.jpg 768w, https:\/\/www.fd-grup.com\/yol-cizgi\/wp-content\/uploads\/sites\/4\/2022\/07\/IMG_0019r-1536x1014.jpg 1536w, https:\/\/www.fd-grup.com\/yol-cizgi\/wp-content\/uploads\/sites\/4\/2022\/07\/IMG_0019r-2048x1352.jpg 2048w\" sizes=\"auto, (max-width: 831px) 100vw, 831px\" \/><\/p>\n<p><img loading=\"lazy\" decoding=\"async\" class=\"alignnone  wp-image-285\" src=\"https:\/\/www.fd-grup.com\/yol-cizgi\/wp-content\/uploads\/sites\/4\/2022\/03\/20220217_141509-2-300x173.jpg\" alt=\"\" width=\"839\" height=\"484\" srcset=\"https:\/\/www.fd-grup.com\/yol-cizgi\/wp-content\/uploads\/sites\/4\/2022\/03\/20220217_141509-2-300x173.jpg 300w, https:\/\/www.fd-grup.com\/yol-cizgi\/wp-content\/uploads\/sites\/4\/2022\/03\/20220217_141509-2-1024x590.jpg 1024w, https:\/\/www.fd-grup.com\/yol-cizgi\/wp-content\/uploads\/sites\/4\/2022\/03\/20220217_141509-2-768x443.jpg 768w, https:\/\/www.fd-grup.com\/yol-cizgi\/wp-content\/uploads\/sites\/4\/2022\/03\/20220217_141509-2-1536x885.jpg 1536w, https:\/\/www.fd-grup.com\/yol-cizgi\/wp-content\/uploads\/sites\/4\/2022\/03\/20220217_141509-2-2048x1180.jpg 2048w\" sizes=\"auto, (max-width: 839px) 100vw, 839px\" \/><\/p>\n<p><img loading=\"lazy\" decoding=\"async\" class=\"alignnone  wp-image-280\" src=\"https:\/\/www.fd-grup.com\/yol-cizgi\/wp-content\/uploads\/sites\/4\/2021\/12\/bmc2-300x220.jpg\" alt=\"\" width=\"844\" height=\"619\" srcset=\"https:\/\/www.fd-grup.com\/yol-cizgi\/wp-content\/uploads\/sites\/4\/2021\/12\/bmc2-300x220.jpg 300w, https:\/\/www.fd-grup.com\/yol-cizgi\/wp-content\/uploads\/sites\/4\/2021\/12\/bmc2-1024x751.jpg 1024w, https:\/\/www.fd-grup.com\/yol-cizgi\/wp-content\/uploads\/sites\/4\/2021\/12\/bmc2-768x563.jpg 768w, https:\/\/www.fd-grup.com\/yol-cizgi\/wp-content\/uploads\/sites\/4\/2021\/12\/bmc2-1536x1127.jpg 1536w, https:\/\/www.fd-grup.com\/yol-cizgi\/wp-content\/uploads\/sites\/4\/2021\/12\/bmc2-2048x1502.jpg 2048w\" sizes=\"auto, (max-width: 844px) 100vw, 844px\" \/><\/p>\n<p><img loading=\"lazy\" decoding=\"async\" class=\"wp-image-273 alignright\" src=\"https:\/\/www.fd-grup.com\/yol-cizgi\/wp-content\/uploads\/sites\/4\/2021\/12\/2124-2-300x204.jpg\" alt=\"\" width=\"849\" height=\"579\" srcset=\"https:\/\/www.fd-grup.com\/yol-cizgi\/wp-content\/uploads\/sites\/4\/2021\/12\/2124-2-300x204.jpg 300w, https:\/\/www.fd-grup.com\/yol-cizgi\/wp-content\/uploads\/sites\/4\/2021\/12\/2124-2-1024x698.jpg 1024w, https:\/\/www.fd-grup.com\/yol-cizgi\/wp-content\/uploads\/sites\/4\/2021\/12\/2124-2-768x523.jpg 768w, https:\/\/www.fd-grup.com\/yol-cizgi\/wp-content\/uploads\/sites\/4\/2021\/12\/2124-2-1536x1046.jpg 1536w, https:\/\/www.fd-grup.com\/yol-cizgi\/wp-content\/uploads\/sites\/4\/2021\/12\/2124-2-2048x1395.jpg 2048w\" sizes=\"auto, (max-width: 849px) 100vw, 849px\" \/><\/p>\n<p><img loading=\"lazy\" decoding=\"async\" class=\"wp-image-276 alignright\" src=\"https:\/\/www.fd-grup.com\/yol-cizgi\/wp-content\/uploads\/sites\/4\/2021\/12\/21243-300x183.jpg\" alt=\"\" width=\"833\" height=\"508\" srcset=\"https:\/\/www.fd-grup.com\/yol-cizgi\/wp-content\/uploads\/sites\/4\/2021\/12\/21243-300x183.jpg 300w, https:\/\/www.fd-grup.com\/yol-cizgi\/wp-content\/uploads\/sites\/4\/2021\/12\/21243-1024x624.jpg 1024w, https:\/\/www.fd-grup.com\/yol-cizgi\/wp-content\/uploads\/sites\/4\/2021\/12\/21243-768x468.jpg 768w, https:\/\/www.fd-grup.com\/yol-cizgi\/wp-content\/uploads\/sites\/4\/2021\/12\/21243-1536x936.jpg 1536w, https:\/\/www.fd-grup.com\/yol-cizgi\/wp-content\/uploads\/sites\/4\/2021\/12\/21243-2048x1247.jpg 2048w\" sizes=\"auto, (max-width: 833px) 100vw, 833px\" \/><\/p>\n<p><img loading=\"lazy\" decoding=\"async\" class=\"wp-image-275 alignright\" src=\"https:\/\/www.fd-grup.com\/yol-cizgi\/wp-content\/uploads\/sites\/4\/2021\/12\/nvhnhngh-300x142.jpg\" alt=\"\" width=\"834\" height=\"395\" srcset=\"https:\/\/www.fd-grup.com\/yol-cizgi\/wp-content\/uploads\/sites\/4\/2021\/12\/nvhnhngh-300x142.jpg 300w, https:\/\/www.fd-grup.com\/yol-cizgi\/wp-content\/uploads\/sites\/4\/2021\/12\/nvhnhngh-1024x486.jpg 1024w, https:\/\/www.fd-grup.com\/yol-cizgi\/wp-content\/uploads\/sites\/4\/2021\/12\/nvhnhngh-768x364.jpg 768w, https:\/\/www.fd-grup.com\/yol-cizgi\/wp-content\/uploads\/sites\/4\/2021\/12\/nvhnhngh-1536x729.jpg 1536w, https:\/\/www.fd-grup.com\/yol-cizgi\/wp-content\/uploads\/sites\/4\/2021\/12\/nvhnhngh.jpg 1600w\" sizes=\"auto, (max-width: 834px) 100vw, 834px\" \/><\/p>\n<p><img loading=\"lazy\" decoding=\"async\" class=\"wp-image-245 alignright\" src=\"https:\/\/www.fd-grup.com\/yol-cizgi\/wp-content\/uploads\/sites\/4\/2021\/10\/IMG_0042a-1-300x175.png\" alt=\"\" width=\"835\" height=\"487\" srcset=\"https:\/\/www.fd-grup.com\/yol-cizgi\/wp-content\/uploads\/sites\/4\/2021\/10\/IMG_0042a-1-300x175.png 300w, https:\/\/www.fd-grup.com\/yol-cizgi\/wp-content\/uploads\/sites\/4\/2021\/10\/IMG_0042a-1-1024x598.png 1024w, https:\/\/www.fd-grup.com\/yol-cizgi\/wp-content\/uploads\/sites\/4\/2021\/10\/IMG_0042a-1-768x449.png 768w, https:\/\/www.fd-grup.com\/yol-cizgi\/wp-content\/uploads\/sites\/4\/2021\/10\/IMG_0042a-1-1536x897.png 1536w, https:\/\/www.fd-grup.com\/yol-cizgi\/wp-content\/uploads\/sites\/4\/2021\/10\/IMG_0042a-1-2048x1196.png 2048w\" sizes=\"auto, (max-width: 835px) 100vw, 835px\" \/><!--more--><\/p>\n<h3>\u00a0<\/h3>\n<h3><strong>\u00d6zellikler<\/strong><\/h3>\n<table style=\"margin-bottom: 40px\">\n<tbody>\n<tr>\n<td>\u00a0<\/td>\n<td><strong>Eko Model<\/strong><\/td>\n<td><strong>Standart Model<\/strong><\/td>\n<td><strong>Y\u00fcksek Kapasite<\/strong><\/td>\n<\/tr>\n<tr>\n<td>Airless Piston<\/td>\n<td>1 adet Hydra M 2000<\/td>\n<td>2 adet Hydra M 2000<\/td>\n<td>2 adet Hydra M 2000<\/td>\n<\/tr>\n<tr>\n<td>Maksimum Debi<\/td>\n<td>24 litre\/dakika<\/td>\n<td>48 litre\/dakika<\/td>\n<td>48 litre\/dakika<\/td>\n<\/tr>\n<tr>\n<td>Motor<\/td>\n<td>T\u00fcmosan 48 hp<\/td>\n<td>T\u00fcmosan 48 hp<\/td>\n<td>T\u00fcmosan 55 hp<\/td>\n<\/tr>\n<tr>\n<td>Maksimum Meme \u00d6l\u00e7\u00fcs\u00fc<\/td>\n<td>0,072\u2033<\/td>\n<td>0,072\u2033<\/td>\n<td>0,072\u2033<\/td>\n<\/tr>\n<tr>\n<td>\u00c7al\u0131\u015fma Bas\u0131nc\u0131 (bar)<\/td>\n<td>138 Bar<\/td>\n<td>138 Bar<\/td>\n<td>138 Bar<\/td>\n<\/tr>\n<tr>\n<td>Tabanca Say\u0131s\u0131<\/td>\n<td>2 adet sol + 1 adet sa\u011f<\/td>\n<td>3 adet sol + 2 adet sa\u011f<\/td>\n<td>3 adet sol + 2 adet sa\u011f<\/td>\n<\/tr>\n<tr>\n<td>\u0130\u015faret \u00c7ubu\u011fu<\/td>\n<td>Manuel<\/td>\n<td>Otomatik<\/td>\n<td>Otomatik<\/td>\n<\/tr>\n<tr>\n<td>Kompres\u00f6r<\/td>\n<td>Pistonlu Tip (1 m3), \u00c7ift Pistonlu, Su So\u011futmal\u0131 Ya\u011fl\u0131 Sistem<\/td>\n<td>Pistonlu Tip (1 m3), \u00c7ift Pistonlu, Su So\u011futmal\u0131 Ya\u011fl\u0131 Sistem<\/td>\n<td>Vidal\u0131 Tip 1,8 m3, 7 bar<\/td>\n<\/tr>\n<tr>\n<td>Boya Tank\u0131<\/td>\n<td>2 X 500 lt<\/td>\n<td>2 X 1200 lt<\/td>\n<td>2 X 1500 lt<\/td>\n<\/tr>\n<tr>\n<td>Cam K\u00fcre Tank\u0131<\/td>\n<td>300 lt<\/td>\n<td>700 lt<\/td>\n<td>800 lt<\/td>\n<\/tr>\n<tr>\n<td>Otomatik \u00c7izgi Sistemi<\/td>\n<td>Analog<\/td>\n<td>Dijital Dokunmatik Ekran<\/td>\n<td>Dijital Dokunmatik Ekran<\/td>\n<\/tr>\n<tr>\n<td>Bas\u0131n\u00e7 Hatt\u0131 Filtreleri<\/td>\n<td>1 Adet<\/td>\n<td>2 Adet<\/td>\n<td>3 Adet<\/td>\n<\/tr>\n<tr>\n<td>Tepe lambas\u0131, anons sistemi, arka pano<\/td>\n<td>Var<\/td>\n<td>Var<\/td>\n<td>Var<\/td>\n<\/tr>\n<tr>\n<td>El Uygulama Tabancas\u0131<\/td>\n<td>\u2013<\/td>\n<td>1 Adet<\/td>\n<td>1 Adet<\/td>\n<\/tr>\n<\/tbody>\n<\/table>\n\n\n<p><\/p>\n","protected":false},"excerpt":{"rendered":"<p>AIRLESS YOL \u00c7\u0130ZG\u0130 KAMYONU FD Grup Yol \u00c7izgi Kamyonlar\u0131, Airless Pistonlar\u0131 ve kulland\u0131\u011f\u0131 y\u00fcksek becerikli ekipmanlar ve tasar\u0131m ile su bazl\u0131 ve solvent bazl\u0131 boya uygulamalar\u0131nda, Karayollar\u0131 Standartlar\u0131na uygun ve saatte 10 km\/saat h\u0131z\u0131n \u00fczerinde \u00e7izgi atabilme imkan\u0131 sunar. Motor T\u00fcrkiye\u2019nin her yerinde servis ve yedek par\u00e7a a\u011f\u0131 olan %100 yerli su so\u011futmal\u0131 T\u00fcmosan Marka [&hellip;]<\/p>\n","protected":false},"author":1,"featured_media":200,"parent":0,"menu_order":6,"comment_status":"closed","ping_status":"closed","template":"","meta":{"footnotes":""},"class_list":["post-120","page","type-page","status-publish","has-post-thumbnail","hentry"],"yoast_head":"<!-- This site is optimized with the Yoast SEO plugin v24.2 - https:\/\/yoast.com\/wordpress\/plugins\/seo\/ -->\n<title>Airless Yol \u00c7izgi Kamyonu - Yol \u00c7izgi Makineleri<\/title>\n<meta name=\"description\" content=\"AIRLESS YOL \u00c7\u0130ZG\u0130 KAMYONU FD Grup Yol \u00c7izgi Kamyonlar\u0131, Airless Pistonlar\u0131 ve kulland\u0131\u011f\u0131 y\u00fcksek becerikli ekipmanlar ve tasar\u0131m ile su bazl\u0131 ve solvent\" \/>\n<meta name=\"robots\" content=\"index, follow, max-snippet:-1, max-image-preview:large, max-video-preview:-1\" \/>\n<link rel=\"canonical\" href=\"https:\/\/www.fd-grup.com\/yol-cizgi\/yol-cizgi-kamyonu\/\" \/>\n<meta property=\"og:locale\" content=\"tr_TR\" \/>\n<meta property=\"og:type\" content=\"article\" \/>\n<meta property=\"og:title\" content=\"Airless Yol \u00c7izgi Kamyonu - Yol \u00c7izgi Makineleri\" \/>\n<meta property=\"og:description\" content=\"AIRLESS YOL \u00c7\u0130ZG\u0130 KAMYONU FD Grup Yol \u00c7izgi Kamyonlar\u0131, Airless Pistonlar\u0131 ve kulland\u0131\u011f\u0131 y\u00fcksek becerikli ekipmanlar ve tasar\u0131m ile su bazl\u0131 ve solvent\" \/>\n<meta property=\"og:url\" content=\"https:\/\/www.fd-grup.com\/yol-cizgi\/yol-cizgi-kamyonu\/\" \/>\n<meta property=\"og:site_name\" content=\"Yol \u00c7izgi Makineleri\" \/>\n<meta property=\"article:modified_time\" content=\"2025-05-17T06:39:25+00:00\" \/>\n<meta property=\"og:image\" content=\"https:\/\/www.fd-grup.com\/yol-cizgi\/wp-content\/uploads\/sites\/4\/2021\/09\/IMG-20210914-WA0002-1.jpg\" \/>\n\t<meta property=\"og:image:width\" content=\"1024\" \/>\n\t<meta property=\"og:image:height\" content=\"768\" \/>\n\t<meta property=\"og:image:type\" content=\"image\/jpeg\" \/>\n<meta name=\"twitter:card\" content=\"summary_large_image\" \/>\n<meta name=\"twitter:label1\" content=\"Tahmini okuma s\u00fcresi\" \/>\n\t<meta name=\"twitter:data1\" content=\"5 dakika\" \/>\n<script type=\"application\/ld+json\" class=\"yoast-schema-graph\">{\"@context\":\"https:\/\/schema.org\",\"@graph\":[{\"@type\":\"WebPage\",\"@id\":\"https:\/\/www.fd-grup.com\/yol-cizgi\/yol-cizgi-kamyonu\/\",\"url\":\"https:\/\/www.fd-grup.com\/yol-cizgi\/yol-cizgi-kamyonu\/\",\"name\":\"Airless Yol \u00c7izgi Kamyonu - Yol \u00c7izgi Makineleri\",\"isPartOf\":{\"@id\":\"https:\/\/www.fd-grup.com\/yol-cizgi\/#website\"},\"primaryImageOfPage\":{\"@id\":\"https:\/\/www.fd-grup.com\/yol-cizgi\/yol-cizgi-kamyonu\/#primaryimage\"},\"image\":{\"@id\":\"https:\/\/www.fd-grup.com\/yol-cizgi\/yol-cizgi-kamyonu\/#primaryimage\"},\"thumbnailUrl\":\"https:\/\/www.fd-grup.com\/yol-cizgi\/wp-content\/uploads\/sites\/4\/2021\/09\/IMG-20210914-WA0002-1.jpg\",\"datePublished\":\"2021-05-30T20:23:32+00:00\",\"dateModified\":\"2025-05-17T06:39:25+00:00\",\"description\":\"AIRLESS YOL \u00c7\u0130ZG\u0130 KAMYONU FD Grup Yol \u00c7izgi Kamyonlar\u0131, Airless Pistonlar\u0131 ve kulland\u0131\u011f\u0131 y\u00fcksek becerikli ekipmanlar ve tasar\u0131m ile su bazl\u0131 ve solvent\",\"inLanguage\":\"tr\",\"potentialAction\":[{\"@type\":\"ReadAction\",\"target\":[\"https:\/\/www.fd-grup.com\/yol-cizgi\/yol-cizgi-kamyonu\/\"]}]},{\"@type\":\"ImageObject\",\"inLanguage\":\"tr\",\"@id\":\"https:\/\/www.fd-grup.com\/yol-cizgi\/yol-cizgi-kamyonu\/#primaryimage\",\"url\":\"https:\/\/www.fd-grup.com\/yol-cizgi\/wp-content\/uploads\/sites\/4\/2021\/09\/IMG-20210914-WA0002-1.jpg\",\"contentUrl\":\"https:\/\/www.fd-grup.com\/yol-cizgi\/wp-content\/uploads\/sites\/4\/2021\/09\/IMG-20210914-WA0002-1.jpg\",\"width\":1024,\"height\":768},{\"@type\":\"WebSite\",\"@id\":\"https:\/\/www.fd-grup.com\/yol-cizgi\/#website\",\"url\":\"https:\/\/www.fd-grup.com\/yol-cizgi\/\",\"name\":\"Yol \u00c7izgi Makineleri\",\"description\":\"Farkl\u0131 debi ve g\u00fc\u00e7 de\u011ferlerine sahip yol \u00e7izgi makinalar\u0131ndan, b\u00fcy\u00fck kapasiteli yol \u00e7izgi kamyonlar\u0131na, cam k\u00fcre yada airless boya tabancalar\u0131ndan, \u00f6zel boya hortumlar\u0131na kadar her t\u00fcrl\u00fc trafik i\u015faretleme ekipman\u0131na ula\u015fabilirsiniz.\",\"potentialAction\":[{\"@type\":\"SearchAction\",\"target\":{\"@type\":\"EntryPoint\",\"urlTemplate\":\"https:\/\/www.fd-grup.com\/yol-cizgi\/?s={search_term_string}\"},\"query-input\":{\"@type\":\"PropertyValueSpecification\",\"valueRequired\":true,\"valueName\":\"search_term_string\"}}],\"inLanguage\":\"tr\"}]}<\/script>\n<!-- \/ Yoast SEO plugin. -->","yoast_head_json":{"title":"Airless Yol \u00c7izgi Kamyonu - Yol \u00c7izgi Makineleri","description":"AIRLESS YOL \u00c7\u0130ZG\u0130 KAMYONU FD Grup Yol \u00c7izgi Kamyonlar\u0131, Airless Pistonlar\u0131 ve kulland\u0131\u011f\u0131 y\u00fcksek becerikli ekipmanlar ve tasar\u0131m ile su bazl\u0131 ve solvent","robots":{"index":"index","follow":"follow","max-snippet":"max-snippet:-1","max-image-preview":"max-image-preview:large","max-video-preview":"max-video-preview:-1"},"canonical":"https:\/\/www.fd-grup.com\/yol-cizgi\/yol-cizgi-kamyonu\/","og_locale":"tr_TR","og_type":"article","og_title":"Airless Yol \u00c7izgi Kamyonu - Yol \u00c7izgi Makineleri","og_description":"AIRLESS YOL \u00c7\u0130ZG\u0130 KAMYONU FD Grup Yol \u00c7izgi Kamyonlar\u0131, Airless Pistonlar\u0131 ve kulland\u0131\u011f\u0131 y\u00fcksek becerikli ekipmanlar ve tasar\u0131m ile su bazl\u0131 ve solvent","og_url":"https:\/\/www.fd-grup.com\/yol-cizgi\/yol-cizgi-kamyonu\/","og_site_name":"Yol \u00c7izgi Makineleri","article_modified_time":"2025-05-17T06:39:25+00:00","og_image":[{"width":1024,"height":768,"url":"https:\/\/www.fd-grup.com\/yol-cizgi\/wp-content\/uploads\/sites\/4\/2021\/09\/IMG-20210914-WA0002-1.jpg","type":"image\/jpeg"}],"twitter_card":"summary_large_image","twitter_misc":{"Tahmini okuma s\u00fcresi":"5 dakika"},"schema":{"@context":"https:\/\/schema.org","@graph":[{"@type":"WebPage","@id":"https:\/\/www.fd-grup.com\/yol-cizgi\/yol-cizgi-kamyonu\/","url":"https:\/\/www.fd-grup.com\/yol-cizgi\/yol-cizgi-kamyonu\/","name":"Airless Yol \u00c7izgi Kamyonu - Yol \u00c7izgi Makineleri","isPartOf":{"@id":"https:\/\/www.fd-grup.com\/yol-cizgi\/#website"},"primaryImageOfPage":{"@id":"https:\/\/www.fd-grup.com\/yol-cizgi\/yol-cizgi-kamyonu\/#primaryimage"},"image":{"@id":"https:\/\/www.fd-grup.com\/yol-cizgi\/yol-cizgi-kamyonu\/#primaryimage"},"thumbnailUrl":"https:\/\/www.fd-grup.com\/yol-cizgi\/wp-content\/uploads\/sites\/4\/2021\/09\/IMG-20210914-WA0002-1.jpg","datePublished":"2021-05-30T20:23:32+00:00","dateModified":"2025-05-17T06:39:25+00:00","description":"AIRLESS YOL \u00c7\u0130ZG\u0130 KAMYONU FD Grup Yol \u00c7izgi Kamyonlar\u0131, Airless Pistonlar\u0131 ve kulland\u0131\u011f\u0131 y\u00fcksek becerikli ekipmanlar ve tasar\u0131m ile su bazl\u0131 ve solvent","inLanguage":"tr","potentialAction":[{"@type":"ReadAction","target":["https:\/\/www.fd-grup.com\/yol-cizgi\/yol-cizgi-kamyonu\/"]}]},{"@type":"ImageObject","inLanguage":"tr","@id":"https:\/\/www.fd-grup.com\/yol-cizgi\/yol-cizgi-kamyonu\/#primaryimage","url":"https:\/\/www.fd-grup.com\/yol-cizgi\/wp-content\/uploads\/sites\/4\/2021\/09\/IMG-20210914-WA0002-1.jpg","contentUrl":"https:\/\/www.fd-grup.com\/yol-cizgi\/wp-content\/uploads\/sites\/4\/2021\/09\/IMG-20210914-WA0002-1.jpg","width":1024,"height":768},{"@type":"WebSite","@id":"https:\/\/www.fd-grup.com\/yol-cizgi\/#website","url":"https:\/\/www.fd-grup.com\/yol-cizgi\/","name":"Yol \u00c7izgi Makineleri","description":"Farkl\u0131 debi ve g\u00fc\u00e7 de\u011ferlerine sahip yol \u00e7izgi makinalar\u0131ndan, b\u00fcy\u00fck kapasiteli yol \u00e7izgi kamyonlar\u0131na, cam k\u00fcre yada airless boya tabancalar\u0131ndan, \u00f6zel boya hortumlar\u0131na kadar her t\u00fcrl\u00fc trafik i\u015faretleme ekipman\u0131na ula\u015fabilirsiniz.","potentialAction":[{"@type":"SearchAction","target":{"@type":"EntryPoint","urlTemplate":"https:\/\/www.fd-grup.com\/yol-cizgi\/?s={search_term_string}"},"query-input":{"@type":"PropertyValueSpecification","valueRequired":true,"valueName":"search_term_string"}}],"inLanguage":"tr"}]}},"_links":{"self":[{"href":"https:\/\/www.fd-grup.com\/yol-cizgi\/wp-json\/wp\/v2\/pages\/120","targetHints":{"allow":["GET"]}}],"collection":[{"href":"https:\/\/www.fd-grup.com\/yol-cizgi\/wp-json\/wp\/v2\/pages"}],"about":[{"href":"https:\/\/www.fd-grup.com\/yol-cizgi\/wp-json\/wp\/v2\/types\/page"}],"author":[{"embeddable":true,"href":"https:\/\/www.fd-grup.com\/yol-cizgi\/wp-json\/wp\/v2\/users\/1"}],"replies":[{"embeddable":true,"href":"https:\/\/www.fd-grup.com\/yol-cizgi\/wp-json\/wp\/v2\/comments?post=120"}],"version-history":[{"count":0,"href":"https:\/\/www.fd-grup.com\/yol-cizgi\/wp-json\/wp\/v2\/pages\/120\/revisions"}],"wp:featuredmedia":[{"embeddable":true,"href":"https:\/\/www.fd-grup.com\/yol-cizgi\/wp-json\/wp\/v2\/media\/200"}],"wp:attachment":[{"href":"https:\/\/www.fd-grup.com\/yol-cizgi\/wp-json\/wp\/v2\/media?parent=120"}],"curies":[{"name":"wp","href":"https:\/\/api.w.org\/{rel}","templated":true}]}}