{"id":426,"date":"2021-05-27T01:03:15","date_gmt":"2021-05-26T22:03:15","guid":{"rendered":"https:\/\/www.fd-grup.com\/wagner\/?page_id=426"},"modified":"2024-12-26T16:51:43","modified_gmt":"2024-12-26T13:51:43","slug":"iletisim","status":"publish","type":"page","link":"https:\/\/www.fd-grup.com\/wagner\/iletisim\/","title":{"rendered":"\u0130leti\u015fim"},"content":{"rendered":"\n<div class=\"row\">\n<div class=\"col-lg-4 col-md-4 col-sm-6 mb-md-0 mb-5 single-box text-center\"><i class=\"fas fa-map-marker fa-3x\" style=\"color: #ffcb00\"><\/i>\n<h3>ADRES<\/h3>\n<p style=\"color: #000\">Ankara: 1475 Cadde No:24 \u0130vedik OSB Yenimahalle \/ Ankara<br><\/p>\n<\/div>\n<div class=\"col-lg-4 col-md-4 col-sm-6 mb-md-0 mb-5 single-box text-center\"><i class=\"fas fa-envelope fa-3x\" style=\"color: #ffcb00\"><\/i>\n<h3>E-POSTA<\/h3>\n<p><a style=\"color: #000\" href=\"mailto:info@fd-grup.com\"> info@fd-grup.com<\/a><\/p>\n<\/div>\n<div class=\"col-lg-4 col-md-4 col-sm-6 single-box text-center\"><i class=\"fas fa-phone fa-3x\" style=\"color: #ffcb00\"><\/i>\n<h3>TELEFON<\/h3>\n<p><a style=\"color: #000\" href=\"tel:4442455\"> 444 2 455<\/a><br><a style=\"color: #000\" href=\"tel:03122874101\"> 0312 287 41 01<\/a><br><a style=\"color: #000\" href=\"tel:03122874140\"> 0312 287 41 40<\/a><\/p>\n<\/div>\n<\/div>\n\n\n\n<div class=\"wp-block-columns is-layout-flex wp-container-core-columns-is-layout-9d6595d7 wp-block-columns-is-layout-flex\">\n<div class=\"wp-block-column is-layout-flow wp-block-column-is-layout-flow\"><\/div>\n<\/div>\n\n\n\n<div id=\"harita\">\n\n<\/div>\n","protected":false},"excerpt":{"rendered":"<p>ADRES Ankara: 1475 Cadde No:24 \u0130vedik OSB Yenimahalle \/ Ankara E-POSTA info@fd-grup.com TELEFON 444 2 455 0312 287 41 01 0312 287 41 40<\/p>\n","protected":false},"author":1,"featured_media":0,"parent":0,"menu_order":2,"comment_status":"closed","ping_status":"closed","template":"","meta":{"footnotes":""},"class_list":["post-426","page","type-page","status-publish","hentry"],"yoast_head":"<!-- This site is optimized with the Yoast SEO plugin v24.2 - https:\/\/yoast.com\/wordpress\/plugins\/seo\/ -->\n<title>Wagner Boya Makineas\u0131<\/title>\n<meta name=\"robots\" content=\"index, follow, max-snippet:-1, max-image-preview:large, max-video-preview:-1\" \/>\n<link rel=\"canonical\" href=\"https:\/\/www.fd-grup.com\/wagner\/iletisim\/\" \/>\n<meta property=\"og:locale\" content=\"tr_TR\" \/>\n<meta property=\"og:type\" content=\"article\" \/>\n<meta property=\"og:title\" content=\"Wagner Boya Makineas\u0131\" \/>\n<meta property=\"og:url\" content=\"https:\/\/www.fd-grup.com\/wagner\/iletisim\/\" \/>\n<meta property=\"og:site_name\" content=\"Wagner Boya Makinalar\u0131\" \/>\n<meta property=\"article:publisher\" content=\"https:\/\/www.facebook.com\/fdgrup\" \/>\n<meta property=\"article:modified_time\" content=\"2024-12-26T13:51:43+00:00\" \/>\n<meta name=\"twitter:card\" content=\"summary_large_image\" \/>\n<meta name=\"twitter:label1\" content=\"Tahmini okuma s\u00fcresi\" \/>\n\t<meta name=\"twitter:data1\" content=\"1 dakika\" \/>\n<script type=\"application\/ld+json\" class=\"yoast-schema-graph\">{\"@context\":\"https:\/\/schema.org\",\"@graph\":[{\"@type\":\"WebPage\",\"@id\":\"https:\/\/www.fd-grup.com\/wagner\/iletisim\/\",\"url\":\"https:\/\/www.fd-grup.com\/wagner\/iletisim\/\",\"name\":\"Wagner Boya Makineas\u0131\",\"isPartOf\":{\"@id\":\"https:\/\/www.fd-grup.com\/wagner\/#website\"},\"datePublished\":\"2021-05-26T22:03:15+00:00\",\"dateModified\":\"2024-12-26T13:51:43+00:00\",\"inLanguage\":\"tr\",\"potentialAction\":[{\"@type\":\"ReadAction\",\"target\":[\"https:\/\/www.fd-grup.com\/wagner\/iletisim\/\"]}]},{\"@type\":\"WebSite\",\"@id\":\"https:\/\/www.fd-grup.com\/wagner\/#website\",\"url\":\"https:\/\/www.fd-grup.com\/wagner\/\",\"name\":\"Wagner Boya Makinalar\u0131\",\"description\":\"FD Grup, Titan Tool T\u00fcrkiye Distrib\u00fct\u00f6rl\u00fc\u011f\u00fc ile Airless ve Airspray p\u00fcsk\u00fcrtme makinalar\u0131 ile ba\u015flayan faaliyetlerimize, 2019 y\u0131l\u0131nda Wagner Group  Distrib\u00fct\u00f6rl\u00fc\u011f\u00fc de eklenmi\u015ftir. Titan markal\u0131, t\u00fcm \u00fcr\u00fcnler ve Wagner markal\u0131 in\u015faat grubu \u00fcr\u00fcnlerin T\u00fcrkiye\u2019deki tek yetkili distrib\u00fct\u00f6r\u00fcd\u00fcr.\",\"publisher\":{\"@id\":\"https:\/\/www.fd-grup.com\/wagner\/#organization\"},\"potentialAction\":[{\"@type\":\"SearchAction\",\"target\":{\"@type\":\"EntryPoint\",\"urlTemplate\":\"https:\/\/www.fd-grup.com\/wagner\/?s={search_term_string}\"},\"query-input\":{\"@type\":\"PropertyValueSpecification\",\"valueRequired\":true,\"valueName\":\"search_term_string\"}}],\"inLanguage\":\"tr\"},{\"@type\":\"Organization\",\"@id\":\"https:\/\/www.fd-grup.com\/wagner\/#organization\",\"name\":\"FD Grup Makina Boya \u0130n\u015f. \u0130ml. San Ve D\u0131\u015f Tic. Ltd. \u015eti\",\"url\":\"https:\/\/www.fd-grup.com\/wagner\/\",\"logo\":{\"@type\":\"ImageObject\",\"inLanguage\":\"tr\",\"@id\":\"https:\/\/www.fd-grup.com\/wagner\/#\/schema\/logo\/image\/\",\"url\":\"https:\/\/www.fd-grup.com\/wagner\/wp-content\/uploads\/sites\/2\/2024\/12\/App_Logo_512x512.jpg\",\"contentUrl\":\"https:\/\/www.fd-grup.com\/wagner\/wp-content\/uploads\/sites\/2\/2024\/12\/App_Logo_512x512.jpg\",\"width\":512,\"height\":512,\"caption\":\"FD Grup Makina Boya \u0130n\u015f. \u0130ml. San Ve D\u0131\u015f Tic. Ltd. \u015eti\"},\"image\":{\"@id\":\"https:\/\/www.fd-grup.com\/wagner\/#\/schema\/logo\/image\/\"},\"sameAs\":[\"https:\/\/www.facebook.com\/fdgrup\",\"https:\/\/www.instagram.com\/fd_grup_makina\/\",\"https:\/\/www.youtube.com\/@fdgrup\"]}]}<\/script>\n<!-- \/ Yoast SEO plugin. -->","yoast_head_json":{"title":"Wagner Boya Makineas\u0131","robots":{"index":"index","follow":"follow","max-snippet":"max-snippet:-1","max-image-preview":"max-image-preview:large","max-video-preview":"max-video-preview:-1"},"canonical":"https:\/\/www.fd-grup.com\/wagner\/iletisim\/","og_locale":"tr_TR","og_type":"article","og_title":"Wagner Boya Makineas\u0131","og_url":"https:\/\/www.fd-grup.com\/wagner\/iletisim\/","og_site_name":"Wagner Boya Makinalar\u0131","article_publisher":"https:\/\/www.facebook.com\/fdgrup","article_modified_time":"2024-12-26T13:51:43+00:00","twitter_card":"summary_large_image","twitter_misc":{"Tahmini okuma s\u00fcresi":"1 dakika"},"schema":{"@context":"https:\/\/schema.org","@graph":[{"@type":"WebPage","@id":"https:\/\/www.fd-grup.com\/wagner\/iletisim\/","url":"https:\/\/www.fd-grup.com\/wagner\/iletisim\/","name":"Wagner Boya Makineas\u0131","isPartOf":{"@id":"https:\/\/www.fd-grup.com\/wagner\/#website"},"datePublished":"2021-05-26T22:03:15+00:00","dateModified":"2024-12-26T13:51:43+00:00","inLanguage":"tr","potentialAction":[{"@type":"ReadAction","target":["https:\/\/www.fd-grup.com\/wagner\/iletisim\/"]}]},{"@type":"WebSite","@id":"https:\/\/www.fd-grup.com\/wagner\/#website","url":"https:\/\/www.fd-grup.com\/wagner\/","name":"Wagner Boya Makinalar\u0131","description":"FD Grup, Titan Tool T\u00fcrkiye Distrib\u00fct\u00f6rl\u00fc\u011f\u00fc ile Airless ve Airspray p\u00fcsk\u00fcrtme makinalar\u0131 ile ba\u015flayan faaliyetlerimize, 2019 y\u0131l\u0131nda Wagner Group  Distrib\u00fct\u00f6rl\u00fc\u011f\u00fc de eklenmi\u015ftir. Titan markal\u0131, t\u00fcm \u00fcr\u00fcnler ve Wagner markal\u0131 in\u015faat grubu \u00fcr\u00fcnlerin T\u00fcrkiye\u2019deki tek yetkili distrib\u00fct\u00f6r\u00fcd\u00fcr.","publisher":{"@id":"https:\/\/www.fd-grup.com\/wagner\/#organization"},"potentialAction":[{"@type":"SearchAction","target":{"@type":"EntryPoint","urlTemplate":"https:\/\/www.fd-grup.com\/wagner\/?s={search_term_string}"},"query-input":{"@type":"PropertyValueSpecification","valueRequired":true,"valueName":"search_term_string"}}],"inLanguage":"tr"},{"@type":"Organization","@id":"https:\/\/www.fd-grup.com\/wagner\/#organization","name":"FD Grup Makina Boya \u0130n\u015f. \u0130ml. San Ve D\u0131\u015f Tic. Ltd. \u015eti","url":"https:\/\/www.fd-grup.com\/wagner\/","logo":{"@type":"ImageObject","inLanguage":"tr","@id":"https:\/\/www.fd-grup.com\/wagner\/#\/schema\/logo\/image\/","url":"https:\/\/www.fd-grup.com\/wagner\/wp-content\/uploads\/sites\/2\/2024\/12\/App_Logo_512x512.jpg","contentUrl":"https:\/\/www.fd-grup.com\/wagner\/wp-content\/uploads\/sites\/2\/2024\/12\/App_Logo_512x512.jpg","width":512,"height":512,"caption":"FD Grup Makina Boya \u0130n\u015f. \u0130ml. San Ve D\u0131\u015f Tic. Ltd. \u015eti"},"image":{"@id":"https:\/\/www.fd-grup.com\/wagner\/#\/schema\/logo\/image\/"},"sameAs":["https:\/\/www.facebook.com\/fdgrup","https:\/\/www.instagram.com\/fd_grup_makina\/","https:\/\/www.youtube.com\/@fdgrup"]}]}},"_links":{"self":[{"href":"https:\/\/www.fd-grup.com\/wagner\/wp-json\/wp\/v2\/pages\/426","targetHints":{"allow":["GET"]}}],"collection":[{"href":"https:\/\/www.fd-grup.com\/wagner\/wp-json\/wp\/v2\/pages"}],"about":[{"href":"https:\/\/www.fd-grup.com\/wagner\/wp-json\/wp\/v2\/types\/page"}],"author":[{"embeddable":true,"href":"https:\/\/www.fd-grup.com\/wagner\/wp-json\/wp\/v2\/users\/1"}],"replies":[{"embeddable":true,"href":"https:\/\/www.fd-grup.com\/wagner\/wp-json\/wp\/v2\/comments?post=426"}],"version-history":[{"count":0,"href":"https:\/\/www.fd-grup.com\/wagner\/wp-json\/wp\/v2\/pages\/426\/revisions"}],"wp:attachment":[{"href":"https:\/\/www.fd-grup.com\/wagner\/wp-json\/wp\/v2\/media?parent=426"}],"curies":[{"name":"wp","href":"https:\/\/api.w.org\/{rel}","templated":true}]}}