{"id":422,"date":"2021-05-27T00:59:53","date_gmt":"2021-05-26T21:59:53","guid":{"rendered":"https:\/\/www.fd-grup.com\/wagner\/?page_id=422"},"modified":"2025-11-08T10:35:10","modified_gmt":"2025-11-08T07:35:10","slug":"hakkimizda","status":"publish","type":"page","link":"https:\/\/www.fd-grup.com\/wagner\/kurumsal\/hakkimizda\/","title":{"rendered":"Hakk\u0131m\u0131zda"},"content":{"rendered":"\n<p>FD Grup olarak, Titan Tool (USA), T\u00fcrkiye Distrib\u00fct\u00f6rl\u00fc\u011f\u00fc ile Airless ve Airspray (havas\u0131z ve haval\u0131) p\u00fcsk\u00fcrtme makinalar\u0131 ile ba\u015flayan faaliyetlerimize, 2019 y\u0131l\u0131nda Wagner Group (Almanya) Distrib\u00fct\u00f6rl\u00fc\u011f\u00fc de eklenmi\u015ftir. Titan Tool markal\u0131, t\u00fcm \u00fcr\u00fcnler ve Wagner markal\u0131 in\u015faat grubu \u00fcr\u00fcnlerin T\u00fcrkiye\u2019deki tek yetkili distrib\u00fct\u00f6r\u00fc ve yetkili servisidir.<\/p>\n\n\n\n<p>Yetkili servisimiz, ilgili uzmanlarca e\u011fitim s\u00fcre\u00e7leri tamamlanm\u0131\u015f nitelikli personel, kapsaml\u0131 stok ve geni\u015f servis a\u011f\u0131 ile \u201cG\u00dcVENL\u0130 VE KAL\u0130TEL\u0130 SERV\u0130S\u201d imkan\u0131 sunar.<\/p>\n\n\n\n<p>Sekt\u00f6re y\u00f6ne veren iki b\u00fcy\u00fck markan\u0131n distrib\u00fct\u00f6rl\u00fc\u011f\u00fc haricinde, \u00fcretim konusunda da faaliyet g\u00f6steren FD Grup, Yol \u00c7izgi Kamyonu ve yol \u00e7izgi makinalar\u0131 \u00fcretimi ve ihracat\u0131 ile \u00fclke ekonomisine katk\u0131 sa\u011flamakla birlikte, Savunma Sanayi faaliyetlerinde de yer almaktad\u0131r.<\/p>\n\n\n\n<p>\u201cM\u00fc\u015fteri memnuniyeti\u201d ve \u201cg\u00fcven\u201d temeline dayal\u0131 yakla\u015f\u0131m\u0131, uygun yedek par\u00e7a ve kaliteli servis s\u00fcre\u00e7leriyle, fark yaratmaya devam etmektedir.<\/p>\n","protected":false},"excerpt":{"rendered":"<p>FD Grup olarak, Titan Tool (USA), T\u00fcrkiye Distrib\u00fct\u00f6rl\u00fc\u011f\u00fc ile Airless ve Airspray (havas\u0131z ve haval\u0131) p\u00fcsk\u00fcrtme makinalar\u0131 ile ba\u015flayan faaliyetlerimize, 2019 y\u0131l\u0131nda Wagner Group (Almanya) Distrib\u00fct\u00f6rl\u00fc\u011f\u00fc de eklenmi\u015ftir. Titan Tool markal\u0131, t\u00fcm \u00fcr\u00fcnler ve Wagner markal\u0131 in\u015faat grubu \u00fcr\u00fcnlerin T\u00fcrkiye\u2019deki tek yetkili distrib\u00fct\u00f6r\u00fc ve yetkili servisidir. Yetkili servisimiz, ilgili uzmanlarca e\u011fitim s\u00fcre\u00e7leri tamamlanm\u0131\u015f nitelikli personel, [&hellip;]<\/p>\n","protected":false},"author":1,"featured_media":0,"parent":2,"menu_order":1,"comment_status":"closed","ping_status":"closed","template":"","meta":{"footnotes":""},"class_list":["post-422","page","type-page","status-publish","hentry"],"yoast_head":"<!-- This site is optimized with the Yoast SEO plugin v24.2 - https:\/\/yoast.com\/wordpress\/plugins\/seo\/ -->\n<title>Wagner Boya Makineas\u0131<\/title>\n<meta name=\"robots\" content=\"index, follow, max-snippet:-1, max-image-preview:large, max-video-preview:-1\" \/>\n<link rel=\"canonical\" href=\"https:\/\/www.fd-grup.com\/wagner\/kurumsal\/hakkimizda\/\" \/>\n<meta property=\"og:locale\" content=\"tr_TR\" \/>\n<meta property=\"og:type\" content=\"article\" \/>\n<meta property=\"og:title\" content=\"Wagner Boya Makineas\u0131\" \/>\n<meta property=\"og:url\" content=\"https:\/\/www.fd-grup.com\/wagner\/kurumsal\/hakkimizda\/\" \/>\n<meta property=\"og:site_name\" content=\"Wagner Boya Makinalar\u0131\" \/>\n<meta property=\"article:publisher\" content=\"https:\/\/www.facebook.com\/fdgrup\" \/>\n<meta property=\"article:modified_time\" content=\"2025-11-08T07:35:10+00:00\" \/>\n<meta name=\"twitter:card\" content=\"summary_large_image\" \/>\n<meta name=\"twitter:label1\" content=\"Tahmini okuma s\u00fcresi\" \/>\n\t<meta name=\"twitter:data1\" content=\"1 dakika\" \/>\n<script type=\"application\/ld+json\" class=\"yoast-schema-graph\">{\"@context\":\"https:\/\/schema.org\",\"@graph\":[{\"@type\":\"WebPage\",\"@id\":\"https:\/\/www.fd-grup.com\/wagner\/kurumsal\/hakkimizda\/\",\"url\":\"https:\/\/www.fd-grup.com\/wagner\/kurumsal\/hakkimizda\/\",\"name\":\"Wagner Boya Makineas\u0131\",\"isPartOf\":{\"@id\":\"https:\/\/www.fd-grup.com\/wagner\/#website\"},\"datePublished\":\"2021-05-26T21:59:53+00:00\",\"dateModified\":\"2025-11-08T07:35:10+00:00\",\"breadcrumb\":{\"@id\":\"https:\/\/www.fd-grup.com\/wagner\/kurumsal\/hakkimizda\/#breadcrumb\"},\"inLanguage\":\"tr\",\"potentialAction\":[{\"@type\":\"ReadAction\",\"target\":[\"https:\/\/www.fd-grup.com\/wagner\/kurumsal\/hakkimizda\/\"]}]},{\"@type\":\"BreadcrumbList\",\"@id\":\"https:\/\/www.fd-grup.com\/wagner\/kurumsal\/hakkimizda\/#breadcrumb\",\"itemListElement\":[{\"@type\":\"ListItem\",\"position\":1,\"name\":\"Kurumsal\",\"item\":\"https:\/\/www.fd-grup.com\/wagner\/kurumsal\/\"},{\"@type\":\"ListItem\",\"position\":2,\"name\":\"Hakk\u0131m\u0131zda\"}]},{\"@type\":\"WebSite\",\"@id\":\"https:\/\/www.fd-grup.com\/wagner\/#website\",\"url\":\"https:\/\/www.fd-grup.com\/wagner\/\",\"name\":\"Wagner Boya Makinalar\u0131\",\"description\":\"FD Grup, Titan Tool T\u00fcrkiye Distrib\u00fct\u00f6rl\u00fc\u011f\u00fc ile Airless ve Airspray p\u00fcsk\u00fcrtme makinalar\u0131 ile ba\u015flayan faaliyetlerimize, 2019 y\u0131l\u0131nda Wagner Group  Distrib\u00fct\u00f6rl\u00fc\u011f\u00fc de eklenmi\u015ftir. Titan markal\u0131, t\u00fcm \u00fcr\u00fcnler ve Wagner markal\u0131 in\u015faat grubu \u00fcr\u00fcnlerin T\u00fcrkiye\u2019deki tek yetkili distrib\u00fct\u00f6r\u00fcd\u00fcr.\",\"publisher\":{\"@id\":\"https:\/\/www.fd-grup.com\/wagner\/#organization\"},\"potentialAction\":[{\"@type\":\"SearchAction\",\"target\":{\"@type\":\"EntryPoint\",\"urlTemplate\":\"https:\/\/www.fd-grup.com\/wagner\/?s={search_term_string}\"},\"query-input\":{\"@type\":\"PropertyValueSpecification\",\"valueRequired\":true,\"valueName\":\"search_term_string\"}}],\"inLanguage\":\"tr\"},{\"@type\":\"Organization\",\"@id\":\"https:\/\/www.fd-grup.com\/wagner\/#organization\",\"name\":\"FD Grup Makina Boya \u0130n\u015f. \u0130ml. San Ve D\u0131\u015f Tic. Ltd. \u015eti\",\"url\":\"https:\/\/www.fd-grup.com\/wagner\/\",\"logo\":{\"@type\":\"ImageObject\",\"inLanguage\":\"tr\",\"@id\":\"https:\/\/www.fd-grup.com\/wagner\/#\/schema\/logo\/image\/\",\"url\":\"https:\/\/www.fd-grup.com\/wagner\/wp-content\/uploads\/sites\/2\/2024\/12\/App_Logo_512x512.jpg\",\"contentUrl\":\"https:\/\/www.fd-grup.com\/wagner\/wp-content\/uploads\/sites\/2\/2024\/12\/App_Logo_512x512.jpg\",\"width\":512,\"height\":512,\"caption\":\"FD Grup Makina Boya \u0130n\u015f. \u0130ml. San Ve D\u0131\u015f Tic. Ltd. \u015eti\"},\"image\":{\"@id\":\"https:\/\/www.fd-grup.com\/wagner\/#\/schema\/logo\/image\/\"},\"sameAs\":[\"https:\/\/www.facebook.com\/fdgrup\",\"https:\/\/www.instagram.com\/fd_grup_makina\/\",\"https:\/\/www.youtube.com\/@fdgrup\"]}]}<\/script>\n<!-- \/ Yoast SEO plugin. -->","yoast_head_json":{"title":"Wagner Boya Makineas\u0131","robots":{"index":"index","follow":"follow","max-snippet":"max-snippet:-1","max-image-preview":"max-image-preview:large","max-video-preview":"max-video-preview:-1"},"canonical":"https:\/\/www.fd-grup.com\/wagner\/kurumsal\/hakkimizda\/","og_locale":"tr_TR","og_type":"article","og_title":"Wagner Boya Makineas\u0131","og_url":"https:\/\/www.fd-grup.com\/wagner\/kurumsal\/hakkimizda\/","og_site_name":"Wagner Boya Makinalar\u0131","article_publisher":"https:\/\/www.facebook.com\/fdgrup","article_modified_time":"2025-11-08T07:35:10+00:00","twitter_card":"summary_large_image","twitter_misc":{"Tahmini okuma s\u00fcresi":"1 dakika"},"schema":{"@context":"https:\/\/schema.org","@graph":[{"@type":"WebPage","@id":"https:\/\/www.fd-grup.com\/wagner\/kurumsal\/hakkimizda\/","url":"https:\/\/www.fd-grup.com\/wagner\/kurumsal\/hakkimizda\/","name":"Wagner Boya Makineas\u0131","isPartOf":{"@id":"https:\/\/www.fd-grup.com\/wagner\/#website"},"datePublished":"2021-05-26T21:59:53+00:00","dateModified":"2025-11-08T07:35:10+00:00","breadcrumb":{"@id":"https:\/\/www.fd-grup.com\/wagner\/kurumsal\/hakkimizda\/#breadcrumb"},"inLanguage":"tr","potentialAction":[{"@type":"ReadAction","target":["https:\/\/www.fd-grup.com\/wagner\/kurumsal\/hakkimizda\/"]}]},{"@type":"BreadcrumbList","@id":"https:\/\/www.fd-grup.com\/wagner\/kurumsal\/hakkimizda\/#breadcrumb","itemListElement":[{"@type":"ListItem","position":1,"name":"Kurumsal","item":"https:\/\/www.fd-grup.com\/wagner\/kurumsal\/"},{"@type":"ListItem","position":2,"name":"Hakk\u0131m\u0131zda"}]},{"@type":"WebSite","@id":"https:\/\/www.fd-grup.com\/wagner\/#website","url":"https:\/\/www.fd-grup.com\/wagner\/","name":"Wagner Boya Makinalar\u0131","description":"FD Grup, Titan Tool T\u00fcrkiye Distrib\u00fct\u00f6rl\u00fc\u011f\u00fc ile Airless ve Airspray p\u00fcsk\u00fcrtme makinalar\u0131 ile ba\u015flayan faaliyetlerimize, 2019 y\u0131l\u0131nda Wagner Group  Distrib\u00fct\u00f6rl\u00fc\u011f\u00fc de eklenmi\u015ftir. Titan markal\u0131, t\u00fcm \u00fcr\u00fcnler ve Wagner markal\u0131 in\u015faat grubu \u00fcr\u00fcnlerin T\u00fcrkiye\u2019deki tek yetkili distrib\u00fct\u00f6r\u00fcd\u00fcr.","publisher":{"@id":"https:\/\/www.fd-grup.com\/wagner\/#organization"},"potentialAction":[{"@type":"SearchAction","target":{"@type":"EntryPoint","urlTemplate":"https:\/\/www.fd-grup.com\/wagner\/?s={search_term_string}"},"query-input":{"@type":"PropertyValueSpecification","valueRequired":true,"valueName":"search_term_string"}}],"inLanguage":"tr"},{"@type":"Organization","@id":"https:\/\/www.fd-grup.com\/wagner\/#organization","name":"FD Grup Makina Boya \u0130n\u015f. \u0130ml. San Ve D\u0131\u015f Tic. Ltd. \u015eti","url":"https:\/\/www.fd-grup.com\/wagner\/","logo":{"@type":"ImageObject","inLanguage":"tr","@id":"https:\/\/www.fd-grup.com\/wagner\/#\/schema\/logo\/image\/","url":"https:\/\/www.fd-grup.com\/wagner\/wp-content\/uploads\/sites\/2\/2024\/12\/App_Logo_512x512.jpg","contentUrl":"https:\/\/www.fd-grup.com\/wagner\/wp-content\/uploads\/sites\/2\/2024\/12\/App_Logo_512x512.jpg","width":512,"height":512,"caption":"FD Grup Makina Boya \u0130n\u015f. \u0130ml. San Ve D\u0131\u015f Tic. Ltd. \u015eti"},"image":{"@id":"https:\/\/www.fd-grup.com\/wagner\/#\/schema\/logo\/image\/"},"sameAs":["https:\/\/www.facebook.com\/fdgrup","https:\/\/www.instagram.com\/fd_grup_makina\/","https:\/\/www.youtube.com\/@fdgrup"]}]}},"_links":{"self":[{"href":"https:\/\/www.fd-grup.com\/wagner\/wp-json\/wp\/v2\/pages\/422","targetHints":{"allow":["GET"]}}],"collection":[{"href":"https:\/\/www.fd-grup.com\/wagner\/wp-json\/wp\/v2\/pages"}],"about":[{"href":"https:\/\/www.fd-grup.com\/wagner\/wp-json\/wp\/v2\/types\/page"}],"author":[{"embeddable":true,"href":"https:\/\/www.fd-grup.com\/wagner\/wp-json\/wp\/v2\/users\/1"}],"replies":[{"embeddable":true,"href":"https:\/\/www.fd-grup.com\/wagner\/wp-json\/wp\/v2\/comments?post=422"}],"version-history":[{"count":0,"href":"https:\/\/www.fd-grup.com\/wagner\/wp-json\/wp\/v2\/pages\/422\/revisions"}],"up":[{"embeddable":true,"href":"https:\/\/www.fd-grup.com\/wagner\/wp-json\/wp\/v2\/pages\/2"}],"wp:attachment":[{"href":"https:\/\/www.fd-grup.com\/wagner\/wp-json\/wp\/v2\/media?parent=422"}],"curies":[{"name":"wp","href":"https:\/\/api.w.org\/{rel}","templated":true}]}}